{"id":107,"date":"2012-10-05T12:45:14","date_gmt":"2012-10-05T10:45:14","guid":{"rendered":"http:\/\/vandonk.lu\/?page_id=107"},"modified":"2013-01-08T11:57:02","modified_gmt":"2013-01-08T09:57:02","slug":"ubernachtungen","status":"publish","type":"page","link":"https:\/\/vandonk.lu\/?page_id=107","title":{"rendered":"\u00dcbernachtungen"},"content":{"rendered":"<p><a href=\"https:\/\/vandonk.lu\/wp-content\/uploads\/2012\/10\/Eifelland460_vr.jpg\"><img loading=\"lazy\" decoding=\"async\" class=\"alignleft size-thumbnail wp-image-109\" title=\"Eifelland460_vr\" src=\"https:\/\/vandonk.lu\/wp-content\/uploads\/2012\/10\/Eifelland460_vr-150x150.jpg\" alt=\"\" width=\"150\" height=\"150\" \/><\/a><\/p>\n<p><span style=\"color: #463210;\">Bez\u00fcglich \u00dcbernachtungen in Hotels, im Wohnwagen, oder im Massenlager d\u00fcrft ihr euch gerne bei <strong><a href=\"mailto: andreas.mayr@onlinehome.de\">Andreas Mayr(andreas.mayr@onlinehome.de)<\/a><\/strong> melden.\u00a0\u00a0<\/span><\/p>\n","protected":false},"excerpt":{"rendered":"<p>Bez\u00fcglich \u00dcbernachtungen in Hotels, im Wohnwagen, oder im Massenlager d\u00fcrft ihr euch gerne bei Andreas Mayr(andreas.mayr@onlinehome.de) melden.\u00a0\u00a0<\/p>\n","protected":false},"author":1,"featured_media":0,"parent":65,"menu_order":0,"comment_status":"closed","ping_status":"closed","template":"","meta":{"footnotes":""},"class_list":["post-107","page","type-page","status-publish","hentry"],"_links":{"self":[{"href":"https:\/\/vandonk.lu\/index.php?rest_route=\/wp\/v2\/pages\/107","targetHints":{"allow":["GET"]}}],"collection":[{"href":"https:\/\/vandonk.lu\/index.php?rest_route=\/wp\/v2\/pages"}],"about":[{"href":"https:\/\/vandonk.lu\/index.php?rest_route=\/wp\/v2\/types\/page"}],"author":[{"embeddable":true,"href":"https:\/\/vandonk.lu\/index.php?rest_route=\/wp\/v2\/users\/1"}],"replies":[{"embeddable":true,"href":"https:\/\/vandonk.lu\/index.php?rest_route=%2Fwp%2Fv2%2Fcomments&post=107"}],"version-history":[{"count":8,"href":"https:\/\/vandonk.lu\/index.php?rest_route=\/wp\/v2\/pages\/107\/revisions"}],"predecessor-version":[{"id":246,"href":"https:\/\/vandonk.lu\/index.php?rest_route=\/wp\/v2\/pages\/107\/revisions\/246"}],"up":[{"embeddable":true,"href":"https:\/\/vandonk.lu\/index.php?rest_route=\/wp\/v2\/pages\/65"}],"wp:attachment":[{"href":"https:\/\/vandonk.lu\/index.php?rest_route=%2Fwp%2Fv2%2Fmedia&parent=107"}],"curies":[{"name":"wp","href":"https:\/\/api.w.org\/{rel}","templated":true}]}}