{"id":235,"date":"2012-12-08T15:41:25","date_gmt":"2012-12-08T13:41:25","guid":{"rendered":"http:\/\/vandonk.lu\/?page_id=235"},"modified":"2013-01-08T11:57:22","modified_gmt":"2013-01-08T09:57:22","slug":"ruckmeldung-2","status":"publish","type":"page","link":"https:\/\/vandonk.lu\/?page_id=235","title":{"rendered":"R\u00fcckmeldung"},"content":{"rendered":"<p>Gebt uns bitte bis <strong>01.Februar 2013<\/strong> <a href=\"https:\/\/vandonk.lu\/wp-content\/uploads\/2012\/08\/CONNYALLARDpics-591.jpg\"><img loading=\"lazy\" decoding=\"async\" class=\"alignright size-medium wp-image-207\" title=\"CONNY&amp;ALLARDpics-59\" src=\"https:\/\/vandonk.lu\/wp-content\/uploads\/2012\/08\/CONNYALLARDpics-591-226x300.jpg\" alt=\"\" width=\"226\" height=\"300\" srcset=\"https:\/\/vandonk.lu\/wp-content\/uploads\/2012\/08\/CONNYALLARDpics-591-226x300.jpg 226w, https:\/\/vandonk.lu\/wp-content\/uploads\/2012\/08\/CONNYALLARDpics-591-774x1024.jpg 774w\" sizes=\"auto, (max-width: 226px) 100vw, 226px\" \/><\/a>Bescheid, ob ihr dabei seid!<\/p>\n<p>Weiter w\u00e4re es f\u00fcr uns wichtig m\u00f6glichst bald zu wissen, wer \u00fcbernachten will.<\/p>\n<p>R\u00fcckmeldung <strong><a href=\"mailto: allard@vandonk.lu\">hier(allard@vandonk.lu)<\/a><\/strong><\/p>\n","protected":false},"excerpt":{"rendered":"<p>Gebt uns bitte bis 01.Februar 2013 Bescheid, ob ihr dabei seid! Weiter w\u00e4re es f\u00fcr uns wichtig m\u00f6glichst bald zu wissen, wer \u00fcbernachten will. R\u00fcckmeldung hier(allard@vandonk.lu)<\/p>\n","protected":false},"author":1,"featured_media":0,"parent":0,"menu_order":0,"comment_status":"closed","ping_status":"closed","template":"","meta":{"footnotes":""},"class_list":["post-235","page","type-page","status-publish","hentry"],"_links":{"self":[{"href":"https:\/\/vandonk.lu\/index.php?rest_route=\/wp\/v2\/pages\/235","targetHints":{"allow":["GET"]}}],"collection":[{"href":"https:\/\/vandonk.lu\/index.php?rest_route=\/wp\/v2\/pages"}],"about":[{"href":"https:\/\/vandonk.lu\/index.php?rest_route=\/wp\/v2\/types\/page"}],"author":[{"embeddable":true,"href":"https:\/\/vandonk.lu\/index.php?rest_route=\/wp\/v2\/users\/1"}],"replies":[{"embeddable":true,"href":"https:\/\/vandonk.lu\/index.php?rest_route=%2Fwp%2Fv2%2Fcomments&post=235"}],"version-history":[{"count":2,"href":"https:\/\/vandonk.lu\/index.php?rest_route=\/wp\/v2\/pages\/235\/revisions"}],"predecessor-version":[{"id":247,"href":"https:\/\/vandonk.lu\/index.php?rest_route=\/wp\/v2\/pages\/235\/revisions\/247"}],"wp:attachment":[{"href":"https:\/\/vandonk.lu\/index.php?rest_route=%2Fwp%2Fv2%2Fmedia&parent=235"}],"curies":[{"name":"wp","href":"https:\/\/api.w.org\/{rel}","templated":true}]}}