{"id":4,"date":"2012-09-25T08:35:18","date_gmt":"2012-09-25T06:35:18","guid":{"rendered":"http:\/\/vandonk.lu\/?page_id=4"},"modified":"2012-11-10T15:36:09","modified_gmt":"2012-11-10T13:36:09","slug":"hochzeitstisch","status":"publish","type":"page","link":"https:\/\/vandonk.lu\/?page_id=4","title":{"rendered":"Hochzeitstisch"},"content":{"rendered":"<p><span style=\"color: #ff00ff;\"><span style=\"color: #463210;\">Um euch ein paar Ideen zu geben, was wir uns w\u00fcnschen, haben wir einen Hochzeitstisch eingerichtet. <\/span><\/span><\/p>\n<p><span style=\"color: #ff00ff;\"><span style=\"color: #463210;\">Wichtig ist dass ihr euer Geschenk reserviert, damit nichts doppelt gekauft wird. <\/span><\/span><\/p>\n<p><span style=\"color: #ff00ff;\"><span style=\"color: #463210;\">Hier ist der Link zum Hochzeitstisch: <span style=\"text-decoration: underline;\"><strong><a href=\"http:\/\/www.wunsch-galerie.de\/Gast\/Begruessung.aspx?wz=ZMXAGY5S\">Hochzeitstisch<\/a><\/strong><\/span><br \/>\n<\/span><\/span><\/p>\n<p><span style=\"color: #ff00ff;\"><span style=\"color: #463210;\">Neben all diesen Sachen freuen wir uns nat\u00fcrlich auch \u00fcber einen Zuschuss zu unseren ersten eigenen M\u00f6beln.<br \/>\n<\/span><\/span><\/p>\n","protected":false},"excerpt":{"rendered":"<p>Um euch ein paar Ideen zu geben, was wir uns w\u00fcnschen, haben wir einen Hochzeitstisch eingerichtet. Wichtig ist dass ihr euer Geschenk reserviert, damit nichts doppelt gekauft wird. Hier ist der Link zum Hochzeitstisch: Hochzeitstisch Neben all diesen Sachen freuen &hellip; <a href=\"https:\/\/vandonk.lu\/?page_id=4\">Weiterlesen <span class=\"meta-nav\">&rarr;<\/span><\/a><\/p>\n","protected":false},"author":1,"featured_media":0,"parent":65,"menu_order":0,"comment_status":"closed","ping_status":"closed","template":"","meta":{"footnotes":""},"class_list":["post-4","page","type-page","status-publish","hentry"],"_links":{"self":[{"href":"https:\/\/vandonk.lu\/index.php?rest_route=\/wp\/v2\/pages\/4","targetHints":{"allow":["GET"]}}],"collection":[{"href":"https:\/\/vandonk.lu\/index.php?rest_route=\/wp\/v2\/pages"}],"about":[{"href":"https:\/\/vandonk.lu\/index.php?rest_route=\/wp\/v2\/types\/page"}],"author":[{"embeddable":true,"href":"https:\/\/vandonk.lu\/index.php?rest_route=\/wp\/v2\/users\/1"}],"replies":[{"embeddable":true,"href":"https:\/\/vandonk.lu\/index.php?rest_route=%2Fwp%2Fv2%2Fcomments&post=4"}],"version-history":[{"count":14,"href":"https:\/\/vandonk.lu\/index.php?rest_route=\/wp\/v2\/pages\/4\/revisions"}],"predecessor-version":[{"id":36,"href":"https:\/\/vandonk.lu\/index.php?rest_route=\/wp\/v2\/pages\/4\/revisions\/36"}],"up":[{"embeddable":true,"href":"https:\/\/vandonk.lu\/index.php?rest_route=\/wp\/v2\/pages\/65"}],"wp:attachment":[{"href":"https:\/\/vandonk.lu\/index.php?rest_route=%2Fwp%2Fv2%2Fmedia&parent=4"}],"curies":[{"name":"wp","href":"https:\/\/api.w.org\/{rel}","templated":true}]}}