{"id":68,"date":"2012-10-04T17:48:11","date_gmt":"2012-10-04T15:48:11","guid":{"rendered":"http:\/\/vandonk.lu\/?page_id=68"},"modified":"2013-01-17T19:42:42","modified_gmt":"2013-01-17T17:42:42","slug":"programmgestaltung","status":"publish","type":"page","link":"https:\/\/vandonk.lu\/?page_id=68","title":{"rendered":"Programmgestaltung"},"content":{"rendered":"<p><span style=\"color: #463210;\">Gerade die pers\u00f6nlichen Beitr\u00e4ge der Familie, Verwandtschaft und der Freunde machen den Hochzeitstag zu etwas Besonderem. Daher d\u00fcrft ihr gerne etwas Lustiges, Dramatisches, Musikalisches, Komisches, Schlaues, K\u00fcnstlerisches, Wissenswertes, Fr\u00f6hliches &#8230;. zu unserer Hochzeit beitragen.<\/span><br \/>\n<span style=\"color: #463210;\"> Wir freuen uns darauf! <\/span><\/p>\n<p><span style=\"color: #990099;\"><span style=\"color: #463210;\">Um die Koordination der Programmbeitr\u00e4ge k\u00fcmmern sich:\u00a0\u00a0<\/span><\/span><\/p>\n<p><strong><a href=\"mailto:HerrAlexanderRoth@freenet.de\">Alex&amp;Tabea Roth(HerrAlexanderRoth@freenet.de)<\/a><\/strong><\/p>\n<p>&nbsp;<\/p>\n<p>&nbsp;<\/p>\n","protected":false},"excerpt":{"rendered":"<p>Gerade die pers\u00f6nlichen Beitr\u00e4ge der Familie, Verwandtschaft und der Freunde machen den Hochzeitstag zu etwas Besonderem. Daher d\u00fcrft ihr gerne etwas Lustiges, Dramatisches, Musikalisches, Komisches, Schlaues, K\u00fcnstlerisches, Wissenswertes, Fr\u00f6hliches &#8230;. zu unserer Hochzeit beitragen. Wir freuen uns darauf! Um die &hellip; <a href=\"https:\/\/vandonk.lu\/?page_id=68\">Weiterlesen <span class=\"meta-nav\">&rarr;<\/span><\/a><\/p>\n","protected":false},"author":1,"featured_media":0,"parent":65,"menu_order":0,"comment_status":"closed","ping_status":"closed","template":"","meta":{"footnotes":""},"class_list":["post-68","page","type-page","status-publish","hentry"],"_links":{"self":[{"href":"https:\/\/vandonk.lu\/index.php?rest_route=\/wp\/v2\/pages\/68","targetHints":{"allow":["GET"]}}],"collection":[{"href":"https:\/\/vandonk.lu\/index.php?rest_route=\/wp\/v2\/pages"}],"about":[{"href":"https:\/\/vandonk.lu\/index.php?rest_route=\/wp\/v2\/types\/page"}],"author":[{"embeddable":true,"href":"https:\/\/vandonk.lu\/index.php?rest_route=\/wp\/v2\/users\/1"}],"replies":[{"embeddable":true,"href":"https:\/\/vandonk.lu\/index.php?rest_route=%2Fwp%2Fv2%2Fcomments&post=68"}],"version-history":[{"count":11,"href":"https:\/\/vandonk.lu\/index.php?rest_route=\/wp\/v2\/pages\/68\/revisions"}],"predecessor-version":[{"id":111,"href":"https:\/\/vandonk.lu\/index.php?rest_route=\/wp\/v2\/pages\/68\/revisions\/111"}],"up":[{"embeddable":true,"href":"https:\/\/vandonk.lu\/index.php?rest_route=\/wp\/v2\/pages\/65"}],"wp:attachment":[{"href":"https:\/\/vandonk.lu\/index.php?rest_route=%2Fwp%2Fv2%2Fmedia&parent=68"}],"curies":[{"name":"wp","href":"https:\/\/api.w.org\/{rel}","templated":true}]}}